{"id":385,"date":"2025-11-21T23:06:40","date_gmt":"2025-11-21T23:06:40","guid":{"rendered":"https:\/\/mariarogeldermatologa.clienteslitenlemon.com\/?page_id=385"},"modified":"2025-12-23T10:26:19","modified_gmt":"2025-12-23T10:26:19","slug":"blog","status":"publish","type":"page","link":"https:\/\/mariarogeldermatologa.clienteslitenlemon.com\/?page_id=385","title":{"rendered":"BLOG"},"content":{"rendered":"\t\t<div data-elementor-type=\"wp-page\" data-elementor-id=\"385\" class=\"elementor elementor-385\" data-elementor-post-type=\"page\">\n\t\t\t\t\t\t<section class=\"elementor-section elementor-top-section elementor-element elementor-element-b9d2ea5 elementor-section-boxed elementor-section-height-default elementor-section-height-default\" data-id=\"b9d2ea5\" data-element_type=\"section\">\n\t\t\t\t\t\t<div class=\"elementor-container elementor-column-gap-default\">\n\t\t\t\t\t<div class=\"elementor-column elementor-col-100 elementor-top-column elementor-element elementor-element-0cb0d2f\" data-id=\"0cb0d2f\" data-element_type=\"column\">\n\t\t\t<div class=\"elementor-widget-wrap\">\n\t\t\t\t\t\t\t<\/div>\n\t\t<\/div>\n\t\t\t\t\t<\/div>\n\t\t<\/section>\n\t\t\t\t<section class=\"elementor-section elementor-top-section elementor-element elementor-element-6f6f4a4a elementor-section-full_width elementor-section-height-min-height elementor-section-items-stretch elementor-section-content-bottom elementor-section-height-default\" data-id=\"6f6f4a4a\" data-element_type=\"section\">\n\t\t\t\t\t\t<div class=\"elementor-container elementor-column-gap-no\">\n\t\t\t\t\t<div class=\"elementor-column elementor-col-50 elementor-top-column elementor-element elementor-element-2f5e3020\" data-id=\"2f5e3020\" data-element_type=\"column\" data-settings=\"{&quot;background_background&quot;:&quot;classic&quot;}\">\n\t\t\t<div class=\"elementor-widget-wrap elementor-element-populated\">\n\t\t\t\t\t\t<div class=\"elementor-element elementor-element-63305354 elementor-widget elementor-widget-heading\" data-id=\"63305354\" data-element_type=\"widget\" data-widget_type=\"heading.default\">\n\t\t\t\t<div class=\"elementor-widget-container\">\n\t\t\t\t\t<h1 class=\"elementor-heading-title elementor-size-default\">Conoce nuestros \u00faltimos art\u00edculos<\/h1>\t\t\t\t<\/div>\n\t\t\t\t<\/div>\n\t\t\t\t<div class=\"elementor-element elementor-element-1cbe8664 elementor-widget elementor-widget-heading\" data-id=\"1cbe8664\" data-element_type=\"widget\" data-widget_type=\"heading.default\">\n\t\t\t\t<div class=\"elementor-widget-container\">\n\t\t\t\t\t<h6 class=\"elementor-heading-title elementor-size-default\">dermatolog\u00eda<\/h6>\t\t\t\t<\/div>\n\t\t\t\t<\/div>\n\t\t\t\t\t<\/div>\n\t\t<\/div>\n\t\t\t\t<div class=\"elementor-column elementor-col-25 elementor-top-column elementor-element elementor-element-7c28cf76\" data-id=\"7c28cf76\" data-element_type=\"column\">\n\t\t\t<div class=\"elementor-widget-wrap elementor-element-populated\">\n\t\t\t\t\t\t<div class=\"elementor-element elementor-element-30c41dc0 elementor-widget elementor-widget-image\" data-id=\"30c41dc0\" data-element_type=\"widget\" data-widget_type=\"image.default\">\n\t\t\t\t<div class=\"elementor-widget-container\">\n\t\t\t\t\t\t\t\t\t\t\t\t\t\t\t<img fetchpriority=\"high\" decoding=\"async\" width=\"1080\" height=\"1350\" src=\"https:\/\/mariarogeldermatologa.clienteslitenlemon.com\/wp-content\/uploads\/2025\/12\/Diseno-sin-titulo-2025-12-23T112548.426.jpg\" class=\"attachment-full size-full wp-image-451\" alt=\"\" srcset=\"https:\/\/mariarogeldermatologa.clienteslitenlemon.com\/wp-content\/uploads\/2025\/12\/Diseno-sin-titulo-2025-12-23T112548.426.jpg 1080w, https:\/\/mariarogeldermatologa.clienteslitenlemon.com\/wp-content\/uploads\/2025\/12\/Diseno-sin-titulo-2025-12-23T112548.426-240x300.jpg 240w, https:\/\/mariarogeldermatologa.clienteslitenlemon.com\/wp-content\/uploads\/2025\/12\/Diseno-sin-titulo-2025-12-23T112548.426-819x1024.jpg 819w, https:\/\/mariarogeldermatologa.clienteslitenlemon.com\/wp-content\/uploads\/2025\/12\/Diseno-sin-titulo-2025-12-23T112548.426-768x960.jpg 768w\" sizes=\"(max-width: 1080px) 100vw, 1080px\" \/>\t\t\t\t\t\t\t\t\t\t\t\t\t\t\t<\/div>\n\t\t\t\t<\/div>\n\t\t\t\t\t<\/div>\n\t\t<\/div>\n\t\t\t\t<div class=\"elementor-column elementor-col-25 elementor-top-column elementor-element elementor-element-5742cf47\" data-id=\"5742cf47\" data-element_type=\"column\">\n\t\t\t<div class=\"elementor-widget-wrap elementor-element-populated\">\n\t\t\t\t\t\t<div class=\"elementor-element elementor-element-1b5929c4 elementor-widget-mobile__width-initial animated-slow elementor-widget-tablet__width-initial elementor-invisible elementor-widget elementor-widget-spacer\" data-id=\"1b5929c4\" data-element_type=\"widget\" data-settings=\"{&quot;_animation&quot;:&quot;fadeInRight&quot;}\" data-widget_type=\"spacer.default\">\n\t\t\t\t<div class=\"elementor-widget-container\">\n\t\t\t\t\t\t\t<div class=\"elementor-spacer\">\n\t\t\t<div class=\"elementor-spacer-inner\"><\/div>\n\t\t<\/div>\n\t\t\t\t\t\t<\/div>\n\t\t\t\t<\/div>\n\t\t\t\t\t<\/div>\n\t\t<\/div>\n\t\t\t\t\t<\/div>\n\t\t<\/section>\n\t\t\t\t<section class=\"elementor-section elementor-top-section elementor-element elementor-element-117a54ee elementor-section-full_width elementor-section-height-default elementor-section-height-default\" data-id=\"117a54ee\" data-element_type=\"section\">\n\t\t\t\t\t\t<div class=\"elementor-container elementor-column-gap-no\">\n\t\t\t\t\t<div class=\"elementor-column elementor-col-100 elementor-top-column elementor-element elementor-element-5d15a005\" data-id=\"5d15a005\" data-element_type=\"column\">\n\t\t\t<div class=\"elementor-widget-wrap elementor-element-populated\">\n\t\t\t\t\t\t<div class=\"elementor-element elementor-element-57143ebf elementor-grid-tablet-1 elementor-grid-3 elementor-grid-mobile-1 elementor-posts--thumbnail-top elementor-posts__hover-gradient elementor-widget elementor-widget-posts\" data-id=\"57143ebf\" data-element_type=\"widget\" data-settings=\"{&quot;cards_columns_tablet&quot;:&quot;1&quot;,&quot;cards_row_gap&quot;:{&quot;unit&quot;:&quot;px&quot;,&quot;size&quot;:&quot;70&quot;,&quot;sizes&quot;:[]},&quot;cards_columns&quot;:&quot;3&quot;,&quot;cards_columns_mobile&quot;:&quot;1&quot;,&quot;cards_row_gap_tablet&quot;:{&quot;unit&quot;:&quot;px&quot;,&quot;size&quot;:&quot;&quot;,&quot;sizes&quot;:[]},&quot;cards_row_gap_mobile&quot;:{&quot;unit&quot;:&quot;px&quot;,&quot;size&quot;:&quot;&quot;,&quot;sizes&quot;:[]}}\" data-widget_type=\"posts.cards\">\n\t\t\t\t<div class=\"elementor-widget-container\">\n\t\t\t\t\t\t\t<div class=\"elementor-posts-container elementor-posts elementor-posts--skin-cards elementor-grid\" role=\"list\">\n\t\t\t\t<article class=\"elementor-post elementor-grid-item post-162 post type-post status-publish format-standard has-post-thumbnail hentry category-uncategorized\" role=\"listitem\">\n\t\t\t<div class=\"elementor-post__card\">\n\t\t\t\t<a class=\"elementor-post__thumbnail__link\" href=\"https:\/\/mariarogeldermatologa.clienteslitenlemon.com\/?p=162\" tabindex=\"-1\" ><div class=\"elementor-post__thumbnail\"><img decoding=\"async\" width=\"1920\" height=\"1080\" src=\"https:\/\/mariarogeldermatologa.clienteslitenlemon.com\/wp-content\/uploads\/2025\/09\/Tratamientos-que-activan-el-foliculo.jpg\" class=\"attachment-full size-full wp-image-328\" alt=\"\" srcset=\"https:\/\/mariarogeldermatologa.clienteslitenlemon.com\/wp-content\/uploads\/2025\/09\/Tratamientos-que-activan-el-foliculo.jpg 1920w, https:\/\/mariarogeldermatologa.clienteslitenlemon.com\/wp-content\/uploads\/2025\/09\/Tratamientos-que-activan-el-foliculo-300x169.jpg 300w, https:\/\/mariarogeldermatologa.clienteslitenlemon.com\/wp-content\/uploads\/2025\/09\/Tratamientos-que-activan-el-foliculo-1024x576.jpg 1024w, https:\/\/mariarogeldermatologa.clienteslitenlemon.com\/wp-content\/uploads\/2025\/09\/Tratamientos-que-activan-el-foliculo-768x432.jpg 768w, https:\/\/mariarogeldermatologa.clienteslitenlemon.com\/wp-content\/uploads\/2025\/09\/Tratamientos-que-activan-el-foliculo-1536x864.jpg 1536w\" sizes=\"(max-width: 1920px) 100vw, 1920px\" \/><\/div><\/a>\n\t\t\t\t<div class=\"elementor-post__text\">\n\t\t\t\t<h4 class=\"elementor-post__title\">\n\t\t\t<a href=\"https:\/\/mariarogeldermatologa.clienteslitenlemon.com\/?p=162\" >\n\t\t\t\tCuando el pelo cae, la causa importa\t\t\t<\/a>\n\t\t<\/h4>\n\t\t\n\t\t<a class=\"elementor-post__read-more\" href=\"https:\/\/mariarogeldermatologa.clienteslitenlemon.com\/?p=162\" aria-label=\"M\u00e1s informaci\u00f3n sobre Cuando el pelo cae, la causa importa\" tabindex=\"-1\" >\n\t\t\tLeer m\u00e1s\t\t<\/a>\n\n\t\t\t\t<\/div>\n\t\t\t\t\t<\/div>\n\t\t<\/article>\n\t\t\t\t<article class=\"elementor-post elementor-grid-item post-163 post type-post status-publish format-standard has-post-thumbnail hentry category-uncategorized\" role=\"listitem\">\n\t\t\t<div class=\"elementor-post__card\">\n\t\t\t\t<a class=\"elementor-post__thumbnail__link\" href=\"https:\/\/mariarogeldermatologa.clienteslitenlemon.com\/?p=163\" tabindex=\"-1\" ><div class=\"elementor-post__thumbnail\"><img decoding=\"async\" width=\"1920\" height=\"1080\" src=\"https:\/\/mariarogeldermatologa.clienteslitenlemon.com\/wp-content\/uploads\/2025\/09\/5-3.jpg\" class=\"attachment-full size-full wp-image-341\" alt=\"\" srcset=\"https:\/\/mariarogeldermatologa.clienteslitenlemon.com\/wp-content\/uploads\/2025\/09\/5-3.jpg 1920w, https:\/\/mariarogeldermatologa.clienteslitenlemon.com\/wp-content\/uploads\/2025\/09\/5-3-300x169.jpg 300w, https:\/\/mariarogeldermatologa.clienteslitenlemon.com\/wp-content\/uploads\/2025\/09\/5-3-1024x576.jpg 1024w, https:\/\/mariarogeldermatologa.clienteslitenlemon.com\/wp-content\/uploads\/2025\/09\/5-3-768x432.jpg 768w, https:\/\/mariarogeldermatologa.clienteslitenlemon.com\/wp-content\/uploads\/2025\/09\/5-3-1536x864.jpg 1536w\" sizes=\"(max-width: 1920px) 100vw, 1920px\" \/><\/div><\/a>\n\t\t\t\t<div class=\"elementor-post__text\">\n\t\t\t\t<h4 class=\"elementor-post__title\">\n\t\t\t<a href=\"https:\/\/mariarogeldermatologa.clienteslitenlemon.com\/?p=163\" >\n\t\t\t\tMesoterapia: regeneraci\u00f3n real para piel y cabello\t\t\t<\/a>\n\t\t<\/h4>\n\t\t\n\t\t<a class=\"elementor-post__read-more\" href=\"https:\/\/mariarogeldermatologa.clienteslitenlemon.com\/?p=163\" aria-label=\"M\u00e1s informaci\u00f3n sobre Mesoterapia: regeneraci\u00f3n real para piel y cabello\" tabindex=\"-1\" >\n\t\t\tLeer m\u00e1s\t\t<\/a>\n\n\t\t\t\t<\/div>\n\t\t\t\t\t<\/div>\n\t\t<\/article>\n\t\t\t\t<article class=\"elementor-post elementor-grid-item post-164 post type-post status-publish format-standard has-post-thumbnail hentry category-uncategorized\" role=\"listitem\">\n\t\t\t<div class=\"elementor-post__card\">\n\t\t\t\t<a class=\"elementor-post__thumbnail__link\" href=\"https:\/\/mariarogeldermatologa.clienteslitenlemon.com\/?p=164\" tabindex=\"-1\" ><div class=\"elementor-post__thumbnail\"><img loading=\"lazy\" decoding=\"async\" width=\"1920\" height=\"1080\" src=\"https:\/\/mariarogeldermatologa.clienteslitenlemon.com\/wp-content\/uploads\/2025\/09\/9.jpg\" class=\"attachment-full size-full wp-image-355\" alt=\"\" srcset=\"https:\/\/mariarogeldermatologa.clienteslitenlemon.com\/wp-content\/uploads\/2025\/09\/9.jpg 1920w, https:\/\/mariarogeldermatologa.clienteslitenlemon.com\/wp-content\/uploads\/2025\/09\/9-300x169.jpg 300w, https:\/\/mariarogeldermatologa.clienteslitenlemon.com\/wp-content\/uploads\/2025\/09\/9-1024x576.jpg 1024w, https:\/\/mariarogeldermatologa.clienteslitenlemon.com\/wp-content\/uploads\/2025\/09\/9-768x432.jpg 768w, https:\/\/mariarogeldermatologa.clienteslitenlemon.com\/wp-content\/uploads\/2025\/09\/9-1536x864.jpg 1536w\" sizes=\"(max-width: 1920px) 100vw, 1920px\" \/><\/div><\/a>\n\t\t\t\t<div class=\"elementor-post__text\">\n\t\t\t\t<h4 class=\"elementor-post__title\">\n\t\t\t<a href=\"https:\/\/mariarogeldermatologa.clienteslitenlemon.com\/?p=164\" >\n\t\t\t\tManchas faciales: fisiopatolog\u00eda, causas y abordaje dermatol\u00f3gico actual\t\t\t<\/a>\n\t\t<\/h4>\n\t\t\n\t\t<a class=\"elementor-post__read-more\" href=\"https:\/\/mariarogeldermatologa.clienteslitenlemon.com\/?p=164\" aria-label=\"M\u00e1s informaci\u00f3n sobre Manchas faciales: fisiopatolog\u00eda, causas y abordaje dermatol\u00f3gico actual\" tabindex=\"-1\" >\n\t\t\tLeer m\u00e1s\t\t<\/a>\n\n\t\t\t\t<\/div>\n\t\t\t\t\t<\/div>\n\t\t<\/article>\n\t\t\t\t<\/div>\n\t\t\n\t\t\t\t\t\t<\/div>\n\t\t\t\t<\/div>\n\t\t\t\t\t<\/div>\n\t\t<\/div>\n\t\t\t\t\t<\/div>\n\t\t<\/section>\n\t\t\t\t<\/div>\n\t\t","protected":false},"excerpt":{"rendered":"<p>Conoce nuestros \u00faltimos art\u00edculos dermatolog\u00eda<\/p>\n","protected":false},"author":1,"featured_media":0,"parent":0,"menu_order":0,"comment_status":"closed","ping_status":"closed","template":"elementor_header_footer","meta":{"footnotes":""},"class_list":["post-385","page","type-page","status-publish","hentry"],"_links":{"self":[{"href":"https:\/\/mariarogeldermatologa.clienteslitenlemon.com\/index.php?rest_route=\/wp\/v2\/pages\/385","targetHints":{"allow":["GET"]}}],"collection":[{"href":"https:\/\/mariarogeldermatologa.clienteslitenlemon.com\/index.php?rest_route=\/wp\/v2\/pages"}],"about":[{"href":"https:\/\/mariarogeldermatologa.clienteslitenlemon.com\/index.php?rest_route=\/wp\/v2\/types\/page"}],"author":[{"embeddable":true,"href":"https:\/\/mariarogeldermatologa.clienteslitenlemon.com\/index.php?rest_route=\/wp\/v2\/users\/1"}],"replies":[{"embeddable":true,"href":"https:\/\/mariarogeldermatologa.clienteslitenlemon.com\/index.php?rest_route=%2Fwp%2Fv2%2Fcomments&post=385"}],"version-history":[{"count":3,"href":"https:\/\/mariarogeldermatologa.clienteslitenlemon.com\/index.php?rest_route=\/wp\/v2\/pages\/385\/revisions"}],"predecessor-version":[{"id":454,"href":"https:\/\/mariarogeldermatologa.clienteslitenlemon.com\/index.php?rest_route=\/wp\/v2\/pages\/385\/revisions\/454"}],"wp:attachment":[{"href":"https:\/\/mariarogeldermatologa.clienteslitenlemon.com\/index.php?rest_route=%2Fwp%2Fv2%2Fmedia&parent=385"}],"curies":[{"name":"wp","href":"https:\/\/api.w.org\/{rel}","templated":true}]}}