{"id":359,"date":"2025-11-21T22:39:11","date_gmt":"2025-11-21T22:39:11","guid":{"rendered":"https:\/\/mariarogeldermatologa.clienteslitenlemon.com\/?page_id=359"},"modified":"2025-12-23T16:16:21","modified_gmt":"2025-12-23T16:16:21","slug":"maria-rogel","status":"publish","type":"page","link":"https:\/\/mariarogeldermatologa.clienteslitenlemon.com\/?page_id=359","title":{"rendered":"Mar\u00eda Rog\u00e9l"},"content":{"rendered":"\t\t<div data-elementor-type=\"wp-page\" data-elementor-id=\"359\" class=\"elementor elementor-359\" data-elementor-post-type=\"page\">\n\t\t\t\t\t\t<section class=\"elementor-section elementor-top-section elementor-element elementor-element-2c501b9d elementor-section-content-middle elementor-section-boxed elementor-section-height-default elementor-section-height-default\" data-id=\"2c501b9d\" data-element_type=\"section\">\n\t\t\t\t\t\t<div class=\"elementor-container elementor-column-gap-no\">\n\t\t\t\t\t<div class=\"elementor-column elementor-col-50 elementor-top-column elementor-element elementor-element-4ba325f4\" data-id=\"4ba325f4\" data-element_type=\"column\">\n\t\t\t<div class=\"elementor-widget-wrap elementor-element-populated\">\n\t\t\t\t\t\t<div class=\"elementor-element elementor-element-a55e515 elementor-widget elementor-widget-image\" data-id=\"a55e515\" data-element_type=\"widget\" data-widget_type=\"image.default\">\n\t\t\t\t<div class=\"elementor-widget-container\">\n\t\t\t\t\t\t\t\t\t\t\t\t\t\t\t<img fetchpriority=\"high\" decoding=\"async\" width=\"1080\" height=\"1350\" src=\"https:\/\/mariarogeldermatologa.clienteslitenlemon.com\/wp-content\/uploads\/2025\/12\/Diseno-sin-titulo-2025-12-23T112410.750.png\" class=\"attachment-full size-full wp-image-447\" alt=\"\" srcset=\"https:\/\/mariarogeldermatologa.clienteslitenlemon.com\/wp-content\/uploads\/2025\/12\/Diseno-sin-titulo-2025-12-23T112410.750.png 1080w, https:\/\/mariarogeldermatologa.clienteslitenlemon.com\/wp-content\/uploads\/2025\/12\/Diseno-sin-titulo-2025-12-23T112410.750-240x300.png 240w, https:\/\/mariarogeldermatologa.clienteslitenlemon.com\/wp-content\/uploads\/2025\/12\/Diseno-sin-titulo-2025-12-23T112410.750-819x1024.png 819w, https:\/\/mariarogeldermatologa.clienteslitenlemon.com\/wp-content\/uploads\/2025\/12\/Diseno-sin-titulo-2025-12-23T112410.750-768x960.png 768w\" sizes=\"(max-width: 1080px) 100vw, 1080px\" \/>\t\t\t\t\t\t\t\t\t\t\t\t\t\t\t<\/div>\n\t\t\t\t<\/div>\n\t\t\t\t\t<\/div>\n\t\t<\/div>\n\t\t\t\t<div class=\"elementor-column elementor-col-50 elementor-top-column elementor-element elementor-element-3d625a15\" data-id=\"3d625a15\" data-element_type=\"column\">\n\t\t\t<div class=\"elementor-widget-wrap elementor-element-populated\">\n\t\t\t\t\t\t<div class=\"elementor-element elementor-element-634f3052 elementor-view-default elementor-widget elementor-widget-icon\" data-id=\"634f3052\" data-element_type=\"widget\" data-widget_type=\"icon.default\">\n\t\t\t\t<div class=\"elementor-widget-container\">\n\t\t\t\t\t\t\t<div class=\"elementor-icon-wrapper\">\n\t\t\t<div class=\"elementor-icon\">\n\t\t\t\t\t\t\t<i class=\"fa fa-quote-left\" aria-hidden=\"true\"><\/i>\n\t\t\t\t\t\t<\/div>\n\t\t<\/div>\n\t\t\t\t\t\t<\/div>\n\t\t\t\t<\/div>\n\t\t\t\t<div class=\"elementor-element elementor-element-47d7ab79 elementor-widget elementor-widget-text-editor\" data-id=\"47d7ab79\" data-element_type=\"widget\" data-widget_type=\"text-editor.default\">\n\t\t\t\t<div class=\"elementor-widget-container\">\n\t\t\t\t\t\t\t\t\t<p>La dermatolog\u00eda es detalle: cada peque\u00f1o cambio importa, y cada plan debe construirse con intenci\u00f3n.<\/p>\t\t\t\t\t\t\t\t<\/div>\n\t\t\t\t<\/div>\n\t\t\t\t<div class=\"elementor-element elementor-element-27549e5d elementor-widget elementor-widget-heading\" data-id=\"27549e5d\" data-element_type=\"widget\" data-widget_type=\"heading.default\">\n\t\t\t\t<div class=\"elementor-widget-container\">\n\t\t\t\t\t<h2 class=\"elementor-heading-title elementor-size-default\">Mar\u00eda Rog\u00e9l<\/h2>\t\t\t\t<\/div>\n\t\t\t\t<\/div>\n\t\t\t\t<div class=\"elementor-element elementor-element-31db2ee5 elementor-widget elementor-widget-heading\" data-id=\"31db2ee5\" data-element_type=\"widget\" data-widget_type=\"heading.default\">\n\t\t\t\t<div class=\"elementor-widget-container\">\n\t\t\t\t\t<h2 class=\"elementor-heading-title elementor-size-default\">Dermat\u00f3loga<\/h2>\t\t\t\t<\/div>\n\t\t\t\t<\/div>\n\t\t\t\t\t<\/div>\n\t\t<\/div>\n\t\t\t\t\t<\/div>\n\t\t<\/section>\n\t\t\t\t<section class=\"elementor-section elementor-top-section elementor-element elementor-element-c4f815f elementor-section-boxed elementor-section-height-default elementor-section-height-default\" data-id=\"c4f815f\" data-element_type=\"section\">\n\t\t\t\t\t\t<div class=\"elementor-container elementor-column-gap-default\">\n\t\t\t\t\t<div class=\"elementor-column elementor-col-100 elementor-top-column elementor-element elementor-element-ef6259d\" data-id=\"ef6259d\" data-element_type=\"column\">\n\t\t\t<div class=\"elementor-widget-wrap elementor-element-populated\">\n\t\t\t\t\t\t<div class=\"elementor-element elementor-element-ab94cb0 elementor-widget elementor-widget-text-editor\" data-id=\"ab94cb0\" data-element_type=\"widget\" data-widget_type=\"text-editor.default\">\n\t\t\t\t<div class=\"elementor-widget-container\">\n\t\t\t\t\t\t\t\t\t<h1><strong data-start=\"111\" data-end=\"172\">Dra. Mar\u00eda Rogel Vence<\/strong><\/h1><div><strong data-start=\"111\" data-end=\"172\">\u00a0<\/strong><\/div><p data-start=\"174\" data-end=\"536\">Soy la Dra. Mar\u00eda Rogel Vence, dermat\u00f3loga formada en Medicina y Cirug\u00eda por la Universidad Complutense de Madrid y especializada en Dermatolog\u00eda por el Hospital General Universitario de Ciudad Real. Mi enfoque es brindar una dermatolog\u00eda integral y personalizada, entendiendo la piel como un reflejo de la salud f\u00edsica, emocional y los h\u00e1bitos de cada paciente.<\/p><p data-start=\"538\" data-end=\"972\">Mi formaci\u00f3n ha sido enriquecida por diversas rotaciones en instituciones de renombre, como el Hospital Universitario Ram\u00f3n y Cajal y la Fundaci\u00f3n Alcorc\u00f3n, lo que me ha permitido especializarme en \u00e1reas clave como la dermatolog\u00eda cl\u00ednica, est\u00e9tica y la tricolog\u00eda. Actualmente, ejerzo en el Hospital Universitario Gregorio Mara\u00f1\u00f3n y la Cl\u00ednica Eguren Dermatolog\u00eda y Est\u00e9tica, donde tambi\u00e9n soy responsable de la unidad de tricolog\u00eda.<\/p><p data-start=\"538\" data-end=\"972\">\u00a0<\/p><h2><b>\u00bfQu\u00e9 me diferencia como dermat\u00f3loga?<\/b><\/h2><ol data-start=\"1016\" data-end=\"1887\"><li data-start=\"1016\" data-end=\"1253\"><p data-start=\"1019\" data-end=\"1253\"><strong data-start=\"1019\" data-end=\"1045\">Atenci\u00f3n personalizada<\/strong>: Entiendo que cada piel es \u00fanica. Mi objetivo es ofrecer un tratamiento adaptado a las necesidades de cada paciente, proporcionando soluciones sostenibles y naturales que respeten la identidad de la persona.<\/p><\/li><li data-start=\"1255\" data-end=\"1469\"><p data-start=\"1258\" data-end=\"1469\"><strong data-start=\"1258\" data-end=\"1291\">Especializaci\u00f3n en tricolog\u00eda<\/strong>: Como responsable de la unidad de tricolog\u00eda, trato trastornos capilares como alopecia, acn\u00e9 y problemas del cuero cabelludo, aplicando protocolos personalizados para cada caso.<\/p><\/li><li data-start=\"1471\" data-end=\"1652\"><p data-start=\"1474\" data-end=\"1652\"><strong data-start=\"1474\" data-end=\"1497\">Tecnolog\u00eda avanzada<\/strong>: Utilizo las \u00faltimas tecnolog\u00edas dermatol\u00f3gicas, como el l\u00e1ser y la dermatoscopia digital, para garantizar diagn\u00f3sticos precisos y tratamientos efectivos.<\/p><\/li><li data-start=\"1654\" data-end=\"1887\"><p data-start=\"1657\" data-end=\"1887\"><strong data-start=\"1657\" data-end=\"1689\">Compromiso con la excelencia<\/strong>: Mi constante formaci\u00f3n y participaci\u00f3n en congresos internacionales me permite estar al d\u00eda con los avances cient\u00edficos, ofreciendo siempre tratamientos innovadores y respaldados por la evidencia.<\/p><\/li><\/ol><div>\u00a0<\/div><p data-start=\"1889\" data-end=\"2272\">Mi misi\u00f3n es acompa\u00f1arte en cada paso del proceso, desde el diagn\u00f3stico hasta el tratamiento, asegurando que tu salud cut\u00e1nea se mantenga en equilibrio. Me esfuerzo por ofrecer un enfoque cercano y emp\u00e1tico, donde tu bienestar emocional y f\u00edsico sean igualmente importantes. Mi compromiso es proporcionar resultados reales, seguros y naturales, devolvi\u00e9ndote la confianza en tu piel.<\/p>\t\t\t\t\t\t\t\t<\/div>\n\t\t\t\t<\/div>\n\t\t\t\t<div class=\"elementor-element elementor-element-d1b5ef3 elementor-align-center elementor-widget elementor-widget-button\" data-id=\"d1b5ef3\" data-element_type=\"widget\" data-widget_type=\"button.default\">\n\t\t\t\t<div class=\"elementor-widget-container\">\n\t\t\t\t\t\t\t\t\t<div class=\"elementor-button-wrapper\">\n\t\t\t\t\t<a class=\"elementor-button elementor-button-link elementor-size-sm\" href=\"#elementor-action%3Aaction%3Dpopup%3Aopen%26settings%3DeyJpZCI6IjM5NSIsInRvZ2dsZSI6ZmFsc2V9\">\n\t\t\t\t\t\t<span class=\"elementor-button-content-wrapper\">\n\t\t\t\t\t\t<span class=\"elementor-button-icon\">\n\t\t\t\t<i aria-hidden=\"true\" class=\"far fa-calendar-check\"><\/i>\t\t\t<\/span>\n\t\t\t\t\t\t\t\t\t<span class=\"elementor-button-text\">CONSULTA<\/span>\n\t\t\t\t\t<\/span>\n\t\t\t\t\t<\/a>\n\t\t\t\t<\/div>\n\t\t\t\t\t\t\t\t<\/div>\n\t\t\t\t<\/div>\n\t\t\t\t<div class=\"elementor-element elementor-element-b2a06a2 elementor-widget elementor-widget-image\" data-id=\"b2a06a2\" data-element_type=\"widget\" data-widget_type=\"image.default\">\n\t\t\t\t<div class=\"elementor-widget-container\">\n\t\t\t\t\t\t\t\t\t\t\t\t\t\t\t<img decoding=\"async\" width=\"800\" height=\"800\" src=\"https:\/\/mariarogeldermatologa.clienteslitenlemon.com\/wp-content\/uploads\/2025\/11\/Diseno-sin-titulo-2025-11-21T224246.017-1024x1024.png\" class=\"attachment-large size-large wp-image-312\" alt=\"\" srcset=\"https:\/\/mariarogeldermatologa.clienteslitenlemon.com\/wp-content\/uploads\/2025\/11\/Diseno-sin-titulo-2025-11-21T224246.017-1024x1024.png 1024w, https:\/\/mariarogeldermatologa.clienteslitenlemon.com\/wp-content\/uploads\/2025\/11\/Diseno-sin-titulo-2025-11-21T224246.017-300x300.png 300w, https:\/\/mariarogeldermatologa.clienteslitenlemon.com\/wp-content\/uploads\/2025\/11\/Diseno-sin-titulo-2025-11-21T224246.017-150x150.png 150w, https:\/\/mariarogeldermatologa.clienteslitenlemon.com\/wp-content\/uploads\/2025\/11\/Diseno-sin-titulo-2025-11-21T224246.017-768x768.png 768w, https:\/\/mariarogeldermatologa.clienteslitenlemon.com\/wp-content\/uploads\/2025\/11\/Diseno-sin-titulo-2025-11-21T224246.017.png 1080w\" sizes=\"(max-width: 800px) 100vw, 800px\" \/>\t\t\t\t\t\t\t\t\t\t\t\t\t\t\t<\/div>\n\t\t\t\t<\/div>\n\t\t\t\t\t<\/div>\n\t\t<\/div>\n\t\t\t\t\t<\/div>\n\t\t<\/section>\n\t\t\t\t<\/div>\n\t\t","protected":false},"excerpt":{"rendered":"<p>La dermatolog\u00eda es detalle: cada peque\u00f1o cambio importa, y cada plan debe construirse con intenci\u00f3n. Mar\u00eda Rog\u00e9l Dermat\u00f3loga Dra. Mar\u00eda Rogel Vence \u00a0 Soy la Dra. Mar\u00eda Rogel Vence, dermat\u00f3loga formada en Medicina y Cirug\u00eda por la Universidad Complutense de Madrid y especializada en Dermatolog\u00eda por el Hospital General Universitario de Ciudad Real. Mi enfoque [&hellip;]<\/p>\n","protected":false},"author":1,"featured_media":0,"parent":0,"menu_order":0,"comment_status":"closed","ping_status":"closed","template":"elementor_header_footer","meta":{"footnotes":""},"class_list":["post-359","page","type-page","status-publish","hentry"],"_links":{"self":[{"href":"https:\/\/mariarogeldermatologa.clienteslitenlemon.com\/index.php?rest_route=\/wp\/v2\/pages\/359","targetHints":{"allow":["GET"]}}],"collection":[{"href":"https:\/\/mariarogeldermatologa.clienteslitenlemon.com\/index.php?rest_route=\/wp\/v2\/pages"}],"about":[{"href":"https:\/\/mariarogeldermatologa.clienteslitenlemon.com\/index.php?rest_route=\/wp\/v2\/types\/page"}],"author":[{"embeddable":true,"href":"https:\/\/mariarogeldermatologa.clienteslitenlemon.com\/index.php?rest_route=\/wp\/v2\/users\/1"}],"replies":[{"embeddable":true,"href":"https:\/\/mariarogeldermatologa.clienteslitenlemon.com\/index.php?rest_route=%2Fwp%2Fv2%2Fcomments&post=359"}],"version-history":[{"count":41,"href":"https:\/\/mariarogeldermatologa.clienteslitenlemon.com\/index.php?rest_route=\/wp\/v2\/pages\/359\/revisions"}],"predecessor-version":[{"id":512,"href":"https:\/\/mariarogeldermatologa.clienteslitenlemon.com\/index.php?rest_route=\/wp\/v2\/pages\/359\/revisions\/512"}],"wp:attachment":[{"href":"https:\/\/mariarogeldermatologa.clienteslitenlemon.com\/index.php?rest_route=%2Fwp%2Fv2%2Fmedia&parent=359"}],"curies":[{"name":"wp","href":"https:\/\/api.w.org\/{rel}","templated":true}]}}